{"id":10,"date":"2019-02-11T12:13:53","date_gmt":"2019-02-11T11:13:53","guid":{"rendered":"http:\/\/motorradhaendlertest.de\/obuv\/?page_id=10"},"modified":"2019-02-11T12:13:53","modified_gmt":"2019-02-11T11:13:53","slug":"leistungen","status":"publish","type":"page","link":"https:\/\/sachverstaendiger-motorrad.de\/?page_id=10","title":{"rendered":"Leistungen"},"content":{"rendered":"<p>Die Handwerkskammer Mannheim Rhein-Neckar-Odenwald bestellt nach \u00a7 91 Nr. 8 HWO den Sachverst\u00e4ndigen. Dieser erstellt Gutachten \u00fcber Waren, Leistungen und Preise von Handwerkern. Der Sachverst\u00e4ndige ist au\u00dfergerichtlich f\u00fcr Privatpersonen, aber auch f\u00fcr Gerichte in Zivil-, Straf-, Sozial- und Verwaltungsverfahren t\u00e4tig.<\/p>\n<p>Meine T\u00e4tigkeit als Sachverst\u00e4ndiger ist, obwohl ich es nahezu ausschlie\u00dflich mit motorisierten Zweir\u00e4dern zu tun habe, \u00e4u\u00dferst vielseitig und interessant. Dies liegt im Wesentlichen an der Vielzahl verschiedener Fahrzeuge und Ger\u00e4tschaften sowie der Unterschiedlichkeit der Fragestellungen, die vom Sachverst\u00e4ndigen zu bearbeiten und zu beantworten sind.<\/p>\n<p>Mein Leistungsspektrum umfasst im Wesentlichen die nachfolgenden T\u00e4tigkeitsschwerpunkte.<\/p>\n<ul>\n<li><a href=\"http:\/\/www.sachverstaendiger-motorrad.de\/leistungen-gericht.html\">Gerichtliches Sachverst\u00e4ndigengutachten<\/a><\/li>\n<li><a href=\"http:\/\/www.sachverstaendiger-motorrad.de\/leistungen-handwerker.html\">Gutachten \u00fcber Waren, Leistungen und Preise von Handwerkern<\/a><\/li>\n<li><a href=\"http:\/\/www.sachverstaendiger-motorrad.de\/leistungen-schade.html\">Schadengutachten<\/a><\/li>\n<li><a href=\"http:\/\/www.sachverstaendiger-motorrad.de\/leistungen-bewertung.html\">Bewertungen<\/a><\/li>\n<li><a href=\"http:\/\/www.sachverstaendiger-motorrad.de\/leistungen-alte-fahrzeuge.html\">Bewertungs- und Schadengutachten f\u00fcr motorisierte Zweiradfahrzeuge \u00e4lter als 15 Jahre (Oldtimer, Veteranen) <\/a><\/li>\n<li><a href=\"http:\/\/www.sachverstaendiger-motorrad.de\/leistungen-technik.html\">Technische Gutachten<\/a><\/li>\n<li><a href=\"http:\/\/www.sachverstaendiger-motorrad.de\/leistungen-havarie.html\">Havariegutachten<\/a><\/li>\n<\/ul>\n","protected":false},"excerpt":{"rendered":"<p>Die Handwerkskammer Mannheim Rhein-Neckar-Odenwald bestellt nach \u00a7 91 Nr. 8 HWO den Sachverst\u00e4ndigen. Dieser erstellt Gutachten \u00fcber Waren, Leistungen und Preise von Handwerkern. Der Sachverst\u00e4ndige ist au\u00dfergerichtlich f\u00fcr Privatpersonen, aber auch f\u00fcr Gerichte in Zivil-, Straf-, Sozial- und Verwaltungsverfahren t\u00e4tig. Meine T\u00e4tigkeit als Sachverst\u00e4ndiger ist, obwohl ich es nahezu ausschlie\u00dflich mit motorisierten Zweir\u00e4dern zu tun [&hellip;]<\/p>\n","protected":false},"author":2,"featured_media":0,"parent":0,"menu_order":0,"comment_status":"closed","ping_status":"closed","template":"","meta":{"site-sidebar-layout":"default","site-content-layout":"","ast-site-content-layout":"default","site-content-style":"default","site-sidebar-style":"default","ast-global-header-display":"","ast-banner-title-visibility":"","ast-main-header-display":"","ast-hfb-above-header-display":"","ast-hfb-below-header-display":"","ast-hfb-mobile-header-display":"","site-post-title":"","ast-breadcrumbs-content":"","ast-featured-img":"","footer-sml-layout":"","ast-disable-related-posts":"","theme-transparent-header-meta":"","adv-header-id-meta":"","stick-header-meta":"","header-above-stick-meta":"","header-main-stick-meta":"","header-below-stick-meta":"","astra-migrate-meta-layouts":"default","ast-page-background-enabled":"default","ast-page-background-meta":{"desktop":{"background-color":"var(--ast-global-color-4)","background-image":"","background-repeat":"repeat","background-position":"center center","background-size":"auto","background-attachment":"scroll","background-type":"","background-media":"","overlay-type":"","overlay-color":"","overlay-opacity":"","overlay-gradient":""},"tablet":{"background-color":"","background-image":"","background-repeat":"repeat","background-position":"center center","background-size":"auto","background-attachment":"scroll","background-type":"","background-media":"","overlay-type":"","overlay-color":"","overlay-opacity":"","overlay-gradient":""},"mobile":{"background-color":"","background-image":"","background-repeat":"repeat","background-position":"center center","background-size":"auto","background-attachment":"scroll","background-type":"","background-media":"","overlay-type":"","overlay-color":"","overlay-opacity":"","overlay-gradient":""}},"ast-content-background-meta":{"desktop":{"background-color":"var(--ast-global-color-5)","background-image":"","background-repeat":"repeat","background-position":"center center","background-size":"auto","background-attachment":"scroll","background-type":"","background-media":"","overlay-type":"","overlay-color":"","overlay-opacity":"","overlay-gradient":""},"tablet":{"background-color":"var(--ast-global-color-5)","background-image":"","background-repeat":"repeat","background-position":"center center","background-size":"auto","background-attachment":"scroll","background-type":"","background-media":"","overlay-type":"","overlay-color":"","overlay-opacity":"","overlay-gradient":""},"mobile":{"background-color":"var(--ast-global-color-5)","background-image":"","background-repeat":"repeat","background-position":"center center","background-size":"auto","background-attachment":"scroll","background-type":"","background-media":"","overlay-type":"","overlay-color":"","overlay-opacity":"","overlay-gradient":""}},"footnotes":""},"class_list":["post-10","page","type-page","status-publish","hentry"],"_links":{"self":[{"href":"https:\/\/sachverstaendiger-motorrad.de\/index.php?rest_route=\/wp\/v2\/pages\/10","targetHints":{"allow":["GET"]}}],"collection":[{"href":"https:\/\/sachverstaendiger-motorrad.de\/index.php?rest_route=\/wp\/v2\/pages"}],"about":[{"href":"https:\/\/sachverstaendiger-motorrad.de\/index.php?rest_route=\/wp\/v2\/types\/page"}],"author":[{"embeddable":true,"href":"https:\/\/sachverstaendiger-motorrad.de\/index.php?rest_route=\/wp\/v2\/users\/2"}],"replies":[{"embeddable":true,"href":"https:\/\/sachverstaendiger-motorrad.de\/index.php?rest_route=%2Fwp%2Fv2%2Fcomments&post=10"}],"version-history":[{"count":0,"href":"https:\/\/sachverstaendiger-motorrad.de\/index.php?rest_route=\/wp\/v2\/pages\/10\/revisions"}],"wp:attachment":[{"href":"https:\/\/sachverstaendiger-motorrad.de\/index.php?rest_route=%2Fwp%2Fv2%2Fmedia&parent=10"}],"curies":[{"name":"wp","href":"https:\/\/api.w.org\/{rel}","templated":true}]}}