{"id":254,"date":"2019-02-11T11:52:04","date_gmt":"2019-02-11T11:52:04","guid":{"rendered":"http:\/\/motorradhaendlertest.de\/obuv\/?page_id=6"},"modified":"2022-11-06T12:45:47","modified_gmt":"2022-11-06T12:45:47","slug":"willkommen","status":"publish","type":"page","link":"https:\/\/sachverstaendiger-motorrad.de\/","title":{"rendered":"Willkommen"},"content":{"rendered":"\n<h1 class=\"wp-block-heading\">Willkommen bei Uwe H. Sommer, \u00f6ffentlich bestellter und vereidigter Sachverst\u00e4ndiger (\u00f6.b.u.v.) f\u00fcr den Fachbereich: Motorisierte Zweir\u00e4der<\/h1>\n\n\n\n<p><br>Meine Arbeitsgebiete sind:<\/p>\n\n\n\n<ul class=\"wp-block-list\">\n<li>Gerichtsgutachten<\/li>\n\n\n\n<li>Gutachten \u00fcber Waren, Leistungen und Preise von Handwerkern<\/li>\n\n\n\n<li>Schadengutachten<\/li>\n\n\n\n<li>Bewertungen<\/li>\n\n\n\n<li>Bewertungs- und Schadengutachten f\u00fcr motorisierte Zweiradfahrzeuge \u00e4lter als 15 Jahre <br>(Oldtimer, Veteranen)<\/li>\n\n\n\n<li>Technische Gutachten<\/li>\n\n\n\n<li>Havariegutachten<\/li>\n<\/ul>\n","protected":false},"excerpt":{"rendered":"<p>Willkommen bei Uwe H. Sommer, \u00f6ffentlich bestellter und vereidigter Sachverst\u00e4ndiger (\u00f6.b.u.v.) f\u00fcr den Fachbereich: Motorisierte Zweir\u00e4der Meine Arbeitsgebiete sind:<\/p>\n","protected":false},"author":2,"featured_media":17,"parent":0,"menu_order":0,"comment_status":"closed","ping_status":"closed","template":"","meta":{"site-sidebar-layout":"default","site-content-layout":"","ast-site-content-layout":"default","site-content-style":"default","site-sidebar-style":"default","ast-global-header-display":"","ast-banner-title-visibility":"","ast-main-header-display":"","ast-hfb-above-header-display":"","ast-hfb-below-header-display":"","ast-hfb-mobile-header-display":"","site-post-title":"","ast-breadcrumbs-content":"","ast-featured-img":"","footer-sml-layout":"","ast-disable-related-posts":"","theme-transparent-header-meta":"","adv-header-id-meta":"","stick-header-meta":"","header-above-stick-meta":"","header-main-stick-meta":"","header-below-stick-meta":"","astra-migrate-meta-layouts":"default","ast-page-background-enabled":"default","ast-page-background-meta":{"desktop":{"background-color":"var(--ast-global-color-4)","background-image":"","background-repeat":"repeat","background-position":"center center","background-size":"auto","background-attachment":"scroll","background-type":"","background-media":"","overlay-type":"","overlay-color":"","overlay-opacity":"","overlay-gradient":""},"tablet":{"background-color":"","background-image":"","background-repeat":"repeat","background-position":"center center","background-size":"auto","background-attachment":"scroll","background-type":"","background-media":"","overlay-type":"","overlay-color":"","overlay-opacity":"","overlay-gradient":""},"mobile":{"background-color":"","background-image":"","background-repeat":"repeat","background-position":"center center","background-size":"auto","background-attachment":"scroll","background-type":"","background-media":"","overlay-type":"","overlay-color":"","overlay-opacity":"","overlay-gradient":""}},"ast-content-background-meta":{"desktop":{"background-color":"var(--ast-global-color-5)","background-image":"","background-repeat":"repeat","background-position":"center center","background-size":"auto","background-attachment":"scroll","background-type":"","background-media":"","overlay-type":"","overlay-color":"","overlay-opacity":"","overlay-gradient":""},"tablet":{"background-color":"var(--ast-global-color-5)","background-image":"","background-repeat":"repeat","background-position":"center center","background-size":"auto","background-attachment":"scroll","background-type":"","background-media":"","overlay-type":"","overlay-color":"","overlay-opacity":"","overlay-gradient":""},"mobile":{"background-color":"var(--ast-global-color-5)","background-image":"","background-repeat":"repeat","background-position":"center center","background-size":"auto","background-attachment":"scroll","background-type":"","background-media":"","overlay-type":"","overlay-color":"","overlay-opacity":"","overlay-gradient":""}},"footnotes":""},"class_list":["post-254","page","type-page","status-publish","has-post-thumbnail","hentry"],"_links":{"self":[{"href":"https:\/\/sachverstaendiger-motorrad.de\/index.php?rest_route=\/wp\/v2\/pages\/254","targetHints":{"allow":["GET"]}}],"collection":[{"href":"https:\/\/sachverstaendiger-motorrad.de\/index.php?rest_route=\/wp\/v2\/pages"}],"about":[{"href":"https:\/\/sachverstaendiger-motorrad.de\/index.php?rest_route=\/wp\/v2\/types\/page"}],"author":[{"embeddable":true,"href":"https:\/\/sachverstaendiger-motorrad.de\/index.php?rest_route=\/wp\/v2\/users\/2"}],"replies":[{"embeddable":true,"href":"https:\/\/sachverstaendiger-motorrad.de\/index.php?rest_route=%2Fwp%2Fv2%2Fcomments&post=254"}],"version-history":[{"count":6,"href":"https:\/\/sachverstaendiger-motorrad.de\/index.php?rest_route=\/wp\/v2\/pages\/254\/revisions"}],"predecessor-version":[{"id":320,"href":"https:\/\/sachverstaendiger-motorrad.de\/index.php?rest_route=\/wp\/v2\/pages\/254\/revisions\/320"}],"wp:featuredmedia":[{"embeddable":true,"href":"https:\/\/sachverstaendiger-motorrad.de\/index.php?rest_route=\/wp\/v2\/media\/17"}],"wp:attachment":[{"href":"https:\/\/sachverstaendiger-motorrad.de\/index.php?rest_route=%2Fwp%2Fv2%2Fmedia&parent=254"}],"curies":[{"name":"wp","href":"https:\/\/api.w.org\/{rel}","templated":true}]}}